{"id":212,"date":"2025-07-29T12:38:44","date_gmt":"2025-07-29T10:38:44","guid":{"rendered":"https:\/\/gabonbienetre.com\/?page_id=212"},"modified":"2025-08-06T20:19:07","modified_gmt":"2025-08-06T18:19:07","slug":"partenaires","status":"publish","type":"page","link":"https:\/\/gabonbienetre.com\/?page_id=212","title":{"rendered":"Partenaires(en cours)"},"content":{"rendered":"\t\t<div data-elementor-type=\"wp-page\" data-elementor-id=\"212\" class=\"elementor elementor-212\">\n\t\t\t\t<div class=\"elementor-element elementor-element-c2b5b0a e-grid e-con-boxed e-con e-parent\" data-id=\"c2b5b0a\" data-element_type=\"container\">\n\t\t\t\t\t<div class=\"e-con-inner\">\n\t\t\t\t<div class=\"elementor-element elementor-element-e3ec65e elementor-widget elementor-widget-link-in-bio\" data-id=\"e3ec65e\" data-element_type=\"widget\" data-widget_type=\"link-in-bio.default\">\n\t\t\t\t<div class=\"elementor-widget-container\">\n\t\t\t\t\t\t\t<div class=\"e-link-in-bio e-link-in-bio\">\n\t\t\t<div class=\"e-link-in-bio__content\">\n\n\t\t\t\t\t\t<div class=\"e-link-in-bio__identity\">\n\t\t\t\t\t\t\t\t\t<div class=\"e-link-in-bio__identity-image e-link-in-bio__identity-image-profile has-style-circle\">\n\t\t\t\t\t\t\t<img fetchpriority=\"high\" decoding=\"async\" width=\"300\" height=\"300\" src=\"https:\/\/gabonbienetre.com\/wp-content\/uploads\/2025\/05\/cropped-Logo-Gabon-bien-etre-300x300.png\" class=\"e-link-in-bio__identity-image-element\" alt=\"Gabon bien-\u00eatre\" srcset=\"https:\/\/gabonbienetre.com\/wp-content\/uploads\/2025\/05\/cropped-Logo-Gabon-bien-etre-300x300.png 300w, https:\/\/gabonbienetre.com\/wp-content\/uploads\/2025\/05\/cropped-Logo-Gabon-bien-etre-150x150.png 150w, https:\/\/gabonbienetre.com\/wp-content\/uploads\/2025\/05\/cropped-Logo-Gabon-bien-etre-450x450.png 450w, https:\/\/gabonbienetre.com\/wp-content\/uploads\/2025\/05\/cropped-Logo-Gabon-bien-etre-100x100.png 100w, https:\/\/gabonbienetre.com\/wp-content\/uploads\/2025\/05\/cropped-Logo-Gabon-bien-etre-270x270.png 270w, https:\/\/gabonbienetre.com\/wp-content\/uploads\/2025\/05\/cropped-Logo-Gabon-bien-etre-192x192.png 192w, https:\/\/gabonbienetre.com\/wp-content\/uploads\/2025\/05\/cropped-Logo-Gabon-bien-etre-180x180.png 180w, https:\/\/gabonbienetre.com\/wp-content\/uploads\/2025\/05\/cropped-Logo-Gabon-bien-etre-32x32.png 32w, https:\/\/gabonbienetre.com\/wp-content\/uploads\/2025\/05\/cropped-Logo-Gabon-bien-etre.png 512w\" sizes=\"(max-width: 300px) 100vw, 300px\" title=\"Logo Gabon bien-\u00eatre\" \/>\t\t\t\t\t\t\t\t\t\t\t\t\t<\/div>\n\t\t\t\t\t\t\t<\/div>\n\t\t\t\t\t<div class=\"e-link-in-bio__bio\">\n\t\t\t\t<h2 class=\"e-link-in-bio__heading\">Nyali<\/h2>\t\t\t\t<h3 class=\"e-link-in-bio__title\">Savons artisanaux fabriqu\u00e9s en France<\/h3>\t\t\t\t\t\t\t\t<p class=\"e-link-in-bio__description\">Les savons  pour le corps et le visage, reg\u00e9n\u00e8rent la peau, uniformisent le teins, \u00e9liminent les boutons et les d\u00e9mangeaisons, nourrit la peau, r\u00e9g\u00e9n\u00e8re la M\u00e9lanine des peaux m\u00e2tes.<\/p>\t\t\t<\/div>\n\t\t\t\t\t<div class=\"e-link-in-bio__icons has-size-small\">\n\t\t\t\t\t\t\t<div class=\"e-link-in-bio__icon is-size-small\">\n\t\t\t\t\t<a target=\"_blank\" rel=\"noopener \" aria-label=\"TikTok\" class=\"e-link-in-bio__icon-link\" href=\"\">\n\t\t\t\t\t\t<span class=\"e-link-in-bio__icon-svg\">\n\t\t\t\t\t\t\t<svg aria-hidden=\"true\" class=\"e-font-icon-svg e-fab-tiktok\" viewBox=\"0 0 448 512\" xmlns=\"http:\/\/www.w3.org\/2000\/svg\"><path d=\"M448,209.91a210.06,210.06,0,0,1-122.77-39.25V349.38A162.55,162.55,0,1,1,185,188.31V278.2a74.62,74.62,0,1,0,52.23,71.18V0l88,0a121.18,121.18,0,0,0,1.86,22.17h0A122.18,122.18,0,0,0,381,102.39a121.43,121.43,0,0,0,67,20.14Z\"><\/path><\/svg>\t\t\t\t\t\t<\/span>\n\t\t\t\t\t\t\t\t\t\t\t<\/a>\n\t\t\t\t<\/div>\n\t\t\t\t\t<\/div>\n\t\t\n\t\t<div class=\"e-link-in-bio__ctas has-type-button\">\n\t\t\t\t\t\t\t<a href=\"https:\/\/gabonbienetre.com\/?page_id=229\" target=\"_blank\" rel=\"noopener \" class=\"e-link-in-bio__cta is-type-button has-corners-rounded\">\n\t\t\t\t\t\t\t\t\t\t<span class=\"e-link-in-bio__cta-text\">\n\t\t\t\t\t\tD\u00e9couvrir Nyali\t\t\t\t\t<\/span>\n\t\t\t\t<\/a>\n\t\t\t\t\t\t\t<a href=\"https:\/\/gabonbienetre.com\/?product=savon-nyali\" target=\"_blank\" rel=\"noopener \" class=\"e-link-in-bio__cta is-type-button has-corners-rounded\">\n\t\t\t\t\t\t\t\t\t\t<span class=\"e-link-in-bio__cta-text\">\n\t\t\t\t\t\tFaire ma commande\t\t\t\t\t<\/span>\n\t\t\t\t<\/a>\n\t\t\t\t\t<\/div>\n\t\t\n\t\t\t<\/div>\n\t\t\t<div class=\"e-link-in-bio__bg\">\n\t\t\t\t<div class=\"e-link-in-bio__bg-overlay\"><\/div>\n\t\t\t<\/div>\n\t\t<\/div>\n\t\t\t\t\t\t<\/div>\n\t\t\t\t<\/div>\n\t\t\t\t<div class=\"elementor-element elementor-element-a62be45 elementor-widget elementor-widget-link-in-bio\" data-id=\"a62be45\" data-element_type=\"widget\" data-widget_type=\"link-in-bio.default\">\n\t\t\t\t<div class=\"elementor-widget-container\">\n\t\t\t\t\t\t\t<div class=\"e-link-in-bio e-link-in-bio\">\n\t\t\t<div class=\"e-link-in-bio__content\">\n\n\t\t\t\t\t\t<div class=\"e-link-in-bio__identity\">\n\t\t\t\t\t\t\t\t\t<div class=\"e-link-in-bio__identity-image e-link-in-bio__identity-image-profile has-style-circle\">\n\t\t\t\t\t\t\t<img decoding=\"async\" width=\"300\" height=\"300\" src=\"https:\/\/gabonbienetre.com\/wp-content\/uploads\/2025\/05\/2bea81ce-1139-4d03-b742-c83179d8a0b5-300x300.png\" class=\"e-link-in-bio__identity-image-element\" alt=\"Partenaires(en cours)\" srcset=\"https:\/\/gabonbienetre.com\/wp-content\/uploads\/2025\/05\/2bea81ce-1139-4d03-b742-c83179d8a0b5-300x300.png 300w, https:\/\/gabonbienetre.com\/wp-content\/uploads\/2025\/05\/2bea81ce-1139-4d03-b742-c83179d8a0b5-100x100.png 100w, https:\/\/gabonbienetre.com\/wp-content\/uploads\/2025\/05\/2bea81ce-1139-4d03-b742-c83179d8a0b5-150x150.png 150w, https:\/\/gabonbienetre.com\/wp-content\/uploads\/2025\/05\/2bea81ce-1139-4d03-b742-c83179d8a0b5.png 500w\" sizes=\"(max-width: 300px) 100vw, 300px\" title=\"Partenaires(en cours)\" \/>\t\t\t\t\t\t\t\t\t\t\t\t\t<\/div>\n\t\t\t\t\t\t\t<\/div>\n\t\t\t\t\t<div class=\"e-link-in-bio__bio\">\n\t\t\t\t<h2 class=\"e-link-in-bio__heading\">Ty Amma<\/h2>\t\t\t\t<h3 class=\"e-link-in-bio__title\">Soins et massages<\/h3>\t\t\t\t\t\t\t\t<p class=\"e-link-in-bio__description\">Maison de bien-\u00eatre sp\u00e9cialis\u00e9e africaines.\n<\/p>\t\t\t<\/div>\n\t\t\t\t\t<div class=\"e-link-in-bio__icons has-size-small\">\n\t\t\t\t\t\t\t<div class=\"e-link-in-bio__icon is-size-small\">\n\t\t\t\t\t<a target=\"_blank\" rel=\"noopener \" aria-label=\"TikTok\" class=\"e-link-in-bio__icon-link\" href=\"\">\n\t\t\t\t\t\t<span class=\"e-link-in-bio__icon-svg\">\n\t\t\t\t\t\t\t<svg aria-hidden=\"true\" class=\"e-font-icon-svg e-fab-tiktok\" viewBox=\"0 0 448 512\" xmlns=\"http:\/\/www.w3.org\/2000\/svg\"><path d=\"M448,209.91a210.06,210.06,0,0,1-122.77-39.25V349.38A162.55,162.55,0,1,1,185,188.31V278.2a74.62,74.62,0,1,0,52.23,71.18V0l88,0a121.18,121.18,0,0,0,1.86,22.17h0A122.18,122.18,0,0,0,381,102.39a121.43,121.43,0,0,0,67,20.14Z\"><\/path><\/svg>\t\t\t\t\t\t<\/span>\n\t\t\t\t\t\t\t\t\t\t\t<\/a>\n\t\t\t\t<\/div>\n\t\t\t\t\t<\/div>\n\t\t\n\t\t<div class=\"e-link-in-bio__ctas has-type-button\">\n\t\t\t\t\t\t\t<a href=\"https:\/\/tyamma.fr\/index.php\/prestations-massages\/\" target=\"_blank\" rel=\"noopener \" class=\"e-link-in-bio__cta is-type-button has-corners-rounded\">\n\t\t\t\t\t\t\t\t\t\t<span class=\"e-link-in-bio__cta-text\">\n\t\t\t\t\t\tD\u00e9couvrir Ty Amma\t\t\t\t\t<\/span>\n\t\t\t\t<\/a>\n\t\t\t\t\t\t\t<a href=\"https:\/\/gabonbienetre.com\/?product=ifoulou\" target=\"_blank\" rel=\"noopener \" class=\"e-link-in-bio__cta is-type-button has-corners-rounded\">\n\t\t\t\t\t\t\t\t\t\t<span class=\"e-link-in-bio__cta-text\">\n\t\t\t\t\t\tProduits Ty Amma\t\t\t\t\t<\/span>\n\t\t\t\t<\/a>\n\t\t\t\t\t<\/div>\n\t\t\n\t\t\t<\/div>\n\t\t\t<div class=\"e-link-in-bio__bg\">\n\t\t\t\t<div class=\"e-link-in-bio__bg-overlay\"><\/div>\n\t\t\t<\/div>\n\t\t<\/div>\n\t\t\t\t\t\t<\/div>\n\t\t\t\t<\/div>\n\t\t\t\t\t<\/div>\n\t\t\t\t<\/div>\n\t\t\t\t<\/div>\n\t\t","protected":false},"excerpt":{"rendered":"<p>Nyali Savons artisanaux fabriqu\u00e9s en France Les savons pour le corps et le visage, reg\u00e9n\u00e8rent la peau, uniformisent le teins, \u00e9liminent les boutons et les d\u00e9mangeaisons, nourrit la peau, r\u00e9g\u00e9n\u00e8re la M\u00e9lanine des peaux m\u00e2tes. D\u00e9couvrir Nyali Faire ma commande Ty Amma Soins et massages Maison de bien-\u00eatre sp\u00e9cialis\u00e9e africaines. D\u00e9couvrir Ty Amma Produits Ty [&hellip;]<\/p>\n","protected":false},"author":1,"featured_media":0,"parent":0,"menu_order":0,"comment_status":"closed","ping_status":"closed","template":"","meta":{"_seopress_robots_primary_cat":"","_seopress_titles_title":"","_seopress_titles_desc":"","_seopress_robots_index":"","iawp_total_views":42,"footnotes":""},"class_list":["post-212","page","type-page","status-publish","hentry","entry","owp-thumbs-layout-horizontal","owp-btn-normal","owp-tabs-layout-horizontal","has-no-thumbnails","has-product-nav"],"_links":{"self":[{"href":"https:\/\/gabonbienetre.com\/index.php?rest_route=\/wp\/v2\/pages\/212","targetHints":{"allow":["GET"]}}],"collection":[{"href":"https:\/\/gabonbienetre.com\/index.php?rest_route=\/wp\/v2\/pages"}],"about":[{"href":"https:\/\/gabonbienetre.com\/index.php?rest_route=\/wp\/v2\/types\/page"}],"author":[{"embeddable":true,"href":"https:\/\/gabonbienetre.com\/index.php?rest_route=\/wp\/v2\/users\/1"}],"replies":[{"embeddable":true,"href":"https:\/\/gabonbienetre.com\/index.php?rest_route=%2Fwp%2Fv2%2Fcomments&post=212"}],"version-history":[{"count":28,"href":"https:\/\/gabonbienetre.com\/index.php?rest_route=\/wp\/v2\/pages\/212\/revisions"}],"predecessor-version":[{"id":340,"href":"https:\/\/gabonbienetre.com\/index.php?rest_route=\/wp\/v2\/pages\/212\/revisions\/340"}],"wp:attachment":[{"href":"https:\/\/gabonbienetre.com\/index.php?rest_route=%2Fwp%2Fv2%2Fmedia&parent=212"}],"curies":[{"name":"wp","href":"https:\/\/api.w.org\/{rel}","templated":true}]}}