{"id":144,"date":"2025-06-23T12:52:43","date_gmt":"2025-06-23T10:52:43","guid":{"rendered":"https:\/\/gabonbienetre.com\/?post_type=product&#038;p=144"},"modified":"2025-08-06T17:39:52","modified_gmt":"2025-08-06T15:39:52","slug":"savon-wali","status":"publish","type":"product","link":"https:\/\/gabonbienetre.com\/?product=savon-wali","title":{"rendered":"Savon Wali"},"content":{"rendered":"<p><strong>Savon de douche<\/strong><\/p>\n<p>Inspir\u00e9 des rituels de beaut\u00e9 traditionnels gabonais, le savon Wali est con\u00e7u pour offrir un \u00e9quilibre naturel aux peaux riches en m\u00e9lanine, tout en conservant leur \u00e9clat et leur hydratation.<br \/>\nGr\u00e2ce aux bienfaits du Ndol\u00e8, plante aux propri\u00e9t\u00e9s purifiantes et d\u00e9toxifiantes, ce savon nettoie en profondeur tout en laissant une sensation de fra\u00eecheur et de douceur. Sa formule hydratante et protectrice est id\u00e9ale pour pr\u00e9server la vitalit\u00e9 et la souplesse de la peau.<\/p>\n<p><strong>Composition produit<\/strong> :<\/p>\n<ul>\n<li>Feuille de Ndol\u00e8 (Vernonia amygdalina) : Aux vertus assainissant et apaisantes, elle aide \u00e0 restaurer l\u2019\u00e9quilibre cutan\u00e9 et am\u00e9liore la texture de la peau.<\/li>\n<li>Huile de coco (Cocos nucifera) : hydrate intens\u00e9ment et pr\u00e9serve la douceur de la peau.<\/li>\n<li>Cire d\u2019abeille : prot\u00e8ge la peau contre les agressions ext\u00e9rieures et am\u00e9liore son \u00e9lasticit\u00e9.<\/li>\n<li>Mac\u00e9r\u00e2t de feuilles de papaye (Carica papaya) : stimule le renouvellement cellulaire pour un teint lumineux et unifi\u00e9.<\/li>\n<li>Eau : permet une texture agr\u00e9able et facilite l\u2019absorption des ingr\u00e9dients actifs.<\/li>\n<\/ul>\n","protected":false},"excerpt":{"rendered":"<p>Savon aux vertus assainissant et apaisantes, il aide \u00e0 restaurer l\u2019\u00e9quilibre cutan\u00e9 et am\u00e9liore la texture de la peau.<\/p>\n<p>Le savon wali pr\u00e9serve la vitalit\u00e9 et la souplesse de votre peau.<\/p>\n<p>A base de feuille de Ndol\u00e8\u00a0 (Vernonia amygdalina).<\/p>\n","protected":false},"featured_media":148,"comment_status":"open","ping_status":"closed","template":"","meta":{"_seopress_robots_primary_cat":"none","_seopress_titles_title":"","_seopress_titles_desc":"","_seopress_robots_index":"","iawp_total_views":7},"product_brand":[],"product_cat":[26],"product_tag":[],"class_list":{"0":"post-144","1":"product","2":"type-product","3":"status-publish","4":"has-post-thumbnail","6":"product_cat-savon","8":"entry","9":"has-media","11":"first","12":"instock","13":"taxable","14":"shipping-taxable","15":"purchasable","16":"product-type-simple","17":"has-product-nav","18":"col","19":"span_1_of_3","20":"owp-content-center","21":"owp-thumbs-layout-horizontal","22":"owp-btn-normal","23":"owp-tabs-layout-horizontal","24":"has-no-thumbnails"},"_links":{"self":[{"href":"https:\/\/gabonbienetre.com\/index.php?rest_route=\/wp\/v2\/product\/144","targetHints":{"allow":["GET"]}}],"collection":[{"href":"https:\/\/gabonbienetre.com\/index.php?rest_route=\/wp\/v2\/product"}],"about":[{"href":"https:\/\/gabonbienetre.com\/index.php?rest_route=\/wp\/v2\/types\/product"}],"replies":[{"embeddable":true,"href":"https:\/\/gabonbienetre.com\/index.php?rest_route=%2Fwp%2Fv2%2Fcomments&post=144"}],"wp:featuredmedia":[{"embeddable":true,"href":"https:\/\/gabonbienetre.com\/index.php?rest_route=\/wp\/v2\/media\/148"}],"wp:attachment":[{"href":"https:\/\/gabonbienetre.com\/index.php?rest_route=%2Fwp%2Fv2%2Fmedia&parent=144"}],"wp:term":[{"taxonomy":"product_brand","embeddable":true,"href":"https:\/\/gabonbienetre.com\/index.php?rest_route=%2Fwp%2Fv2%2Fproduct_brand&post=144"},{"taxonomy":"product_cat","embeddable":true,"href":"https:\/\/gabonbienetre.com\/index.php?rest_route=%2Fwp%2Fv2%2Fproduct_cat&post=144"},{"taxonomy":"product_tag","embeddable":true,"href":"https:\/\/gabonbienetre.com\/index.php?rest_route=%2Fwp%2Fv2%2Fproduct_tag&post=144"}],"curies":[{"name":"wp","href":"https:\/\/api.w.org\/{rel}","templated":true}]}}