{"id":150,"date":"2025-06-23T13:01:26","date_gmt":"2025-06-23T11:01:26","guid":{"rendered":"https:\/\/gabonbienetre.com\/?post_type=product&#038;p=150"},"modified":"2025-08-06T17:39:35","modified_gmt":"2025-08-06T15:39:35","slug":"savon-nyali","status":"publish","type":"product","link":"https:\/\/gabonbienetre.com\/?product=savon-nyali","title":{"rendered":"Savon Nyali"},"content":{"rendered":"<p>Le savon Nyali, v\u00e9ritable tr\u00e9sor de la cosm\u00e9tique gabonaise, combine les bienfaits de la peau de banane, riche en nutriments essentiels, et de l&rsquo;huile de palme, reconnue pour ses propri\u00e9t\u00e9s protectrices et nourrissantes.<\/p>\n<p>Sa formule naturelle permet d\u2019apporter \u00e0 la peau une hydratation intense, en restaurer son \u00e9clat et en renforcer sa barri\u00e8re protectrice contre les agressions ext\u00e9rieures.<\/p>\n<p>Con\u00e7u pour toutes les peaux, ce savon respecte l\u2019\u00e9quilibre cutan\u00e9 et am\u00e9liore la texture de l\u2019\u00e9piderme au quotidien.<\/p>\n","protected":false},"excerpt":{"rendered":"<p>Formule naturelle une hydratation de la peau en profondeur,<\/p>\n<p>Restaure son \u00e9clat, sublime la peau<\/p>\n<p>Savon \u00e0 base de peau de banane et huile de palme<\/p>\n","protected":false},"featured_media":147,"comment_status":"open","ping_status":"closed","template":"","meta":{"_seopress_robots_primary_cat":"","_seopress_titles_title":"","_seopress_titles_desc":"","_seopress_robots_index":"","iawp_total_views":23},"product_brand":[],"product_cat":[26],"product_tag":[],"class_list":{"0":"post-150","1":"product","2":"type-product","3":"status-publish","4":"has-post-thumbnail","6":"product_cat-savon","8":"entry","9":"has-media","11":"first","12":"instock","13":"taxable","14":"shipping-taxable","15":"purchasable","16":"product-type-simple","17":"has-product-nav","18":"col","19":"span_1_of_3","20":"owp-content-center","21":"owp-thumbs-layout-horizontal","22":"owp-btn-normal","23":"owp-tabs-layout-horizontal","24":"has-no-thumbnails"},"_links":{"self":[{"href":"https:\/\/gabonbienetre.com\/index.php?rest_route=\/wp\/v2\/product\/150","targetHints":{"allow":["GET"]}}],"collection":[{"href":"https:\/\/gabonbienetre.com\/index.php?rest_route=\/wp\/v2\/product"}],"about":[{"href":"https:\/\/gabonbienetre.com\/index.php?rest_route=\/wp\/v2\/types\/product"}],"replies":[{"embeddable":true,"href":"https:\/\/gabonbienetre.com\/index.php?rest_route=%2Fwp%2Fv2%2Fcomments&post=150"}],"wp:featuredmedia":[{"embeddable":true,"href":"https:\/\/gabonbienetre.com\/index.php?rest_route=\/wp\/v2\/media\/147"}],"wp:attachment":[{"href":"https:\/\/gabonbienetre.com\/index.php?rest_route=%2Fwp%2Fv2%2Fmedia&parent=150"}],"wp:term":[{"taxonomy":"product_brand","embeddable":true,"href":"https:\/\/gabonbienetre.com\/index.php?rest_route=%2Fwp%2Fv2%2Fproduct_brand&post=150"},{"taxonomy":"product_cat","embeddable":true,"href":"https:\/\/gabonbienetre.com\/index.php?rest_route=%2Fwp%2Fv2%2Fproduct_cat&post=150"},{"taxonomy":"product_tag","embeddable":true,"href":"https:\/\/gabonbienetre.com\/index.php?rest_route=%2Fwp%2Fv2%2Fproduct_tag&post=150"}],"curies":[{"name":"wp","href":"https:\/\/api.w.org\/{rel}","templated":true}]}}