{"id":318,"date":"2025-08-06T18:25:39","date_gmt":"2025-08-06T16:25:39","guid":{"rendered":"https:\/\/gabonbienetre.com\/?post_type=product&#038;p=318"},"modified":"2025-08-06T19:33:22","modified_gmt":"2025-08-06T17:33:22","slug":"purificateur-dinterieur","status":"publish","type":"product","link":"https:\/\/gabonbienetre.com\/?product=purificateur-dinterieur","title":{"rendered":"Purificateur d&rsquo;air"},"content":{"rendered":"<p>Laissez-vous porter par les senteurs de la for\u00eat.<\/p>\n<p><img alt=\"Purificateur d&#039;air\" fetchpriority=\"high\" decoding=\"async\" class=\"alignnone size-medium wp-image-171\" src=\"https:\/\/gabonbienetre.com\/wp-content\/uploads\/2025\/06\/savon_naturel-300x201.jpg\" alt=\"Purificateur d&#039;air\" width=\"300\" height=\"201\" srcset=\"https:\/\/gabonbienetre.com\/wp-content\/uploads\/2025\/06\/savon_naturel-300x201.jpg 300w, https:\/\/gabonbienetre.com\/wp-content\/uploads\/2025\/06\/savon_naturel-600x401.jpg 600w, https:\/\/gabonbienetre.com\/wp-content\/uploads\/2025\/06\/savon_naturel.jpg 640w\" sizes=\"(max-width: 300px) 100vw, 300px\" \/><\/p>\n<p>A la maison, au travail, au temple, le b\u00e2ton de fumigation du Gabon est un accessoire essentiel \u00e0 la purification l&rsquo;atmosph\u00e8re de votre environnement de bien-\u00eatre et d\u00e9veloppement personnel.<\/p>\n<p>Connus des initi\u00e9s bantous sous d&rsquo;autres nom : La torche, le moup\u00e9tou, etc. Le b\u00e2ton de fumigation accompagne ceux qui le poss\u00e8de depuis des si\u00e8cles.<\/p>\n<p>Livr\u00e9 dans son paquet avec quelques conseils d&rsquo;utilisation afin que vous puissiez pleinement profiter de votre B\u00e2ton de fumigation.<\/p>\n<p><img alt=\"Purificateur d&#039;air\" decoding=\"async\" class=\"alignnone size-medium wp-image-186\" src=\"https:\/\/gabonbienetre.com\/wp-content\/uploads\/2025\/06\/pont-de-liane-poubara-gabon-300x225.webp\" alt=\"Purificateur d&#039;air\" width=\"300\" height=\"225\" srcset=\"https:\/\/gabonbienetre.com\/wp-content\/uploads\/2025\/06\/pont-de-liane-poubara-gabon-300x225.webp 300w, https:\/\/gabonbienetre.com\/wp-content\/uploads\/2025\/06\/pont-de-liane-poubara-gabon-600x450.webp 600w, https:\/\/gabonbienetre.com\/wp-content\/uploads\/2025\/06\/pont-de-liane-poubara-gabon-768x576.webp 768w, https:\/\/gabonbienetre.com\/wp-content\/uploads\/2025\/06\/pont-de-liane-poubara-gabon.webp 800w\" sizes=\"(max-width: 300px) 100vw, 300px\" \/><\/p>\n","protected":false},"excerpt":{"rendered":"<p>B\u00e2tons de fumigation du Gabon<\/p>\n<p>Purificateur d&rsquo;air d&rsquo;int\u00e9rieur.<\/p>\n","protected":false},"featured_media":322,"comment_status":"open","ping_status":"closed","template":"","meta":{"_seopress_robots_primary_cat":"none","_seopress_titles_title":"","_seopress_titles_desc":"","_seopress_robots_index":"","iawp_total_views":4},"product_brand":[],"product_cat":[29],"product_tag":[],"class_list":{"0":"post-318","1":"product","2":"type-product","3":"status-publish","4":"has-post-thumbnail","6":"product_cat-bien-etre-massage","8":"entry","9":"has-media","11":"first","12":"instock","13":"taxable","14":"shipping-taxable","15":"purchasable","16":"product-type-simple","17":"has-product-nav","18":"col","19":"span_1_of_3","20":"owp-content-center","21":"owp-thumbs-layout-horizontal","22":"owp-btn-normal","23":"owp-tabs-layout-horizontal","24":"has-no-thumbnails"},"_links":{"self":[{"href":"https:\/\/gabonbienetre.com\/index.php?rest_route=\/wp\/v2\/product\/318","targetHints":{"allow":["GET"]}}],"collection":[{"href":"https:\/\/gabonbienetre.com\/index.php?rest_route=\/wp\/v2\/product"}],"about":[{"href":"https:\/\/gabonbienetre.com\/index.php?rest_route=\/wp\/v2\/types\/product"}],"replies":[{"embeddable":true,"href":"https:\/\/gabonbienetre.com\/index.php?rest_route=%2Fwp%2Fv2%2Fcomments&post=318"}],"wp:featuredmedia":[{"embeddable":true,"href":"https:\/\/gabonbienetre.com\/index.php?rest_route=\/wp\/v2\/media\/322"}],"wp:attachment":[{"href":"https:\/\/gabonbienetre.com\/index.php?rest_route=%2Fwp%2Fv2%2Fmedia&parent=318"}],"wp:term":[{"taxonomy":"product_brand","embeddable":true,"href":"https:\/\/gabonbienetre.com\/index.php?rest_route=%2Fwp%2Fv2%2Fproduct_brand&post=318"},{"taxonomy":"product_cat","embeddable":true,"href":"https:\/\/gabonbienetre.com\/index.php?rest_route=%2Fwp%2Fv2%2Fproduct_cat&post=318"},{"taxonomy":"product_tag","embeddable":true,"href":"https:\/\/gabonbienetre.com\/index.php?rest_route=%2Fwp%2Fv2%2Fproduct_tag&post=318"}],"curies":[{"name":"wp","href":"https:\/\/api.w.org\/{rel}","templated":true}]}}