{"id":70,"date":"2025-05-24T16:36:56","date_gmt":"2025-05-24T14:36:56","guid":{"rendered":"http:\/\/gabonbienetre.com\/?post_type=product&#038;p=70"},"modified":"2025-08-06T19:32:01","modified_gmt":"2025-08-06T17:32:01","slug":"savon-corps-et-visage-nyali","status":"publish","type":"product","link":"https:\/\/gabonbienetre.com\/?product=savon-corps-et-visage-nyali","title":{"rendered":"Duo"},"content":{"rendered":"<p style=\"text-align: center;\">Le savon Nyali, v\u00e9ritable tr\u00e9sor de la cosm\u00e9tique gabonaise, combine les bienfaits de la peau de banane, riche en nutriments essentiels, et de l&rsquo;huile de palme, reconnue pour ses propri\u00e9t\u00e9s protectrices et nourrissantes.<br \/>\nSa formule naturelle permet d\u2019apporter \u00e0 la peau une hydratation intense, en restaurer son \u00e9clat et en renforcer sa barri\u00e8re protectrice contre les agressions ext\u00e9rieures. Con\u00e7u pour toutes les peaux, ce savon respecte l\u2019\u00e9quilibre cutan\u00e9 et am\u00e9liore la texture de l\u2019\u00e9piderme au quotidien.<\/p>\n<p style=\"text-align: center;\"><strong>Dans ce coffret,<\/strong><\/p>\n<p style=\"text-align: center;\">Vos deux savons, l&rsquo;un pour le corps, l&rsquo;autre pour le visage pour votre plus gros confort cutan\u00e9.<\/p>\n<p style=\"text-align: center;\">Purifie la peau \u2013 gr\u00e2ce \u00e0 ses propri\u00e9t\u00e9s antibact\u00e9riennes et antifongiques.<\/p>\n<p style=\"text-align: center;\">Traite les probl\u00e8mes de peau \u2013 comme l\u2019ecz\u00e9ma, l\u2019acn\u00e9 ou les d\u00e9mangeaisons.<\/p>\n<p style=\"text-align: center;\">Exfolie en douceur \u2013 surtout si des feuilles broy\u00e9es sont int\u00e9gr\u00e9es.<\/p>\n<p style=\"text-align: center;\">Riche en antioxydants \u2013 aide \u00e0 revitaliser la peau.<\/p>\n<p style=\"text-align: center;\"><img alt=\"Duo\" fetchpriority=\"high\" decoding=\"async\" class=\"alignnone size-medium wp-image-161\" src=\"https:\/\/gabonbienetre.com\/wp-content\/uploads\/2025\/06\/banana-feuille-169x300.jpg\" alt=\"Duo\" width=\"169\" height=\"300\" srcset=\"https:\/\/gabonbienetre.com\/wp-content\/uploads\/2025\/06\/banana-feuille-169x300.jpg 169w, https:\/\/gabonbienetre.com\/wp-content\/uploads\/2025\/06\/banana-feuille.jpg 360w\" sizes=\"(max-width: 169px) 100vw, 169px\" \/><\/p>\n<p style=\"text-align: center;\">L&rsquo;utilisation de la feuille de ndol\u00e9 (Vernonia amygdalina) dans la fabrication de savon artisanal ou \u00e0 ses vertus cosm\u00e9tiques. En effet, cette plante n\u2019est pas seulement utilis\u00e9e en cuisine : Elle a aussi des propri\u00e9t\u00e9s m\u00e9dicinales et cosm\u00e9tiques int\u00e9ressantes.<\/p>\n<p style=\"text-align: center;\"><strong>Ingr\u00e9dients de base :<\/strong><\/p>\n<p style=\"text-align: center;\">Feuilles de ndol\u00e9 s\u00e9ch\u00e9es et r\u00e9duites en poudre<\/p>\n<p style=\"text-align: center;\">Huile v\u00e9g\u00e9tale (palme rouge, coco&#8230;)<\/p>\n","protected":false},"excerpt":{"rendered":"<p>Savon \u00e0 base de peau de banane et huile de palme<\/p>\n","protected":false},"featured_media":142,"comment_status":"open","ping_status":"closed","template":"","meta":{"_seopress_robots_primary_cat":"none","_seopress_titles_title":"Savon Corps et Visage de Nyali soins cosm\u00e9tiques Bio.","_seopress_titles_desc":"Le savon Nyali, v\u00e9ritable tr\u00e9sor de la cosm\u00e9tique gabonaise, combine les bienfaits de la peau de banane, riche en nutriments essentiels, et de l'huile de palme, reconnue pour ses propri\u00e9t\u00e9s protectrices et nourrissantes.","_seopress_robots_index":"yes","iawp_total_views":16},"product_brand":[],"product_cat":[29],"product_tag":[27,18,28],"class_list":{"0":"post-70","1":"product","2":"type-product","3":"status-publish","4":"has-post-thumbnail","6":"product_cat-bien-etre-massage","7":"product_tag-corps","8":"product_tag-soin","9":"product_tag-visage","11":"entry","12":"has-media","14":"first","15":"instock","16":"taxable","17":"shipping-taxable","18":"purchasable","19":"product-type-simple","20":"has-product-nav","21":"col","22":"span_1_of_3","23":"owp-content-center","24":"owp-thumbs-layout-horizontal","25":"owp-btn-normal","26":"owp-tabs-layout-horizontal","27":"has-no-thumbnails"},"_links":{"self":[{"href":"https:\/\/gabonbienetre.com\/index.php?rest_route=\/wp\/v2\/product\/70","targetHints":{"allow":["GET"]}}],"collection":[{"href":"https:\/\/gabonbienetre.com\/index.php?rest_route=\/wp\/v2\/product"}],"about":[{"href":"https:\/\/gabonbienetre.com\/index.php?rest_route=\/wp\/v2\/types\/product"}],"replies":[{"embeddable":true,"href":"https:\/\/gabonbienetre.com\/index.php?rest_route=%2Fwp%2Fv2%2Fcomments&post=70"}],"wp:featuredmedia":[{"embeddable":true,"href":"https:\/\/gabonbienetre.com\/index.php?rest_route=\/wp\/v2\/media\/142"}],"wp:attachment":[{"href":"https:\/\/gabonbienetre.com\/index.php?rest_route=%2Fwp%2Fv2%2Fmedia&parent=70"}],"wp:term":[{"taxonomy":"product_brand","embeddable":true,"href":"https:\/\/gabonbienetre.com\/index.php?rest_route=%2Fwp%2Fv2%2Fproduct_brand&post=70"},{"taxonomy":"product_cat","embeddable":true,"href":"https:\/\/gabonbienetre.com\/index.php?rest_route=%2Fwp%2Fv2%2Fproduct_cat&post=70"},{"taxonomy":"product_tag","embeddable":true,"href":"https:\/\/gabonbienetre.com\/index.php?rest_route=%2Fwp%2Fv2%2Fproduct_tag&post=70"}],"curies":[{"name":"wp","href":"https:\/\/api.w.org\/{rel}","templated":true}]}}